{"id":111,"date":"2025-02-21T11:15:22","date_gmt":"2025-02-21T10:15:22","guid":{"rendered":"https:\/\/grandcampmaisytaxi.com\/site\/?page_id=111"},"modified":"2025-07-08T10:21:58","modified_gmt":"2025-07-08T08:21:58","slug":"entreprise","status":"publish","type":"page","link":"https:\/\/grandcampmaisytaxi.com\/site\/entreprise\/","title":{"rendered":"Entreprise"},"content":{"rendered":"\n<p>Fort de seize ann\u00e9es de conducteur de taxi, dont douze dans diff\u00e9rentes communes de la Manche (50) et quatre \u00e0 Grandcamp-Maisy dans le Calvados (14), Grandcamp-Maisy Taxi vous propose un service d\u2019un grand professionnalisme, enti\u00e8rement \u00e0 votre \u00e9coute. Gr\u00e2ce \u00e0 cette exp\u00e9rience, vous b\u00e9n\u00e9ficiez d\u2019un service de transport irr\u00e9prochable, avec une ponctualit\u00e9 parfaite.<\/p>\n\n\n\n<p>Avec le sourire et dans une ambiance conviviale, l&rsquo;objectif de Grandcamp-Maisy Taxi est de vous transporter en toute s\u00e9curit\u00e9 vers la destination de votre choix. En effet, votre prise en charge va bien au-del\u00e0 d&rsquo;un simple trajet entre deux points de rendez-vous.<\/p>\n\n\n\n<p>Grandcamp-Maisy Taxi est op\u00e9rationnel 24h\/24 et 7j\/7 dans le d\u00e9partement du Calvados (14).<\/p>\n\n\n\n<p>Pour une course priv\u00e9e, un d\u00e9placement professionnel ou une consultation m\u00e9dicale, nos deux taxis interviennent sur toutes les distances et desservent tous les points strat\u00e9giques (gares, a\u00e9roports, \u00e9tablissements de sant\u00e9, lieux festifs\u2026). Nous avons donc la capacit\u00e9 de r\u00e9pondre \u00e0 toutes vos demandes. Besoin d&rsquo;aide pour monter \u00e0 bord du v\u00e9hicule ? Nous sommes attentifs \u00e0 chacun de vos besoins.<\/p>\n\n\n\n<p>Puisque nous sommes implant\u00e9s en zone rurale, \u00e0 l&rsquo;\u00e9cart de grandes agglom\u00e9rations, il est pr\u00e9f\u00e9rable d&rsquo;anticiper votre r\u00e9servation afin que nous puissions r\u00e9pondre pleinement \u00e0 vos attentes.<\/p>\n\n\n\n<p>Pour toute demande de tarif par t\u00e9l\u00e9phone, il est recommand\u00e9 de nous contacter avant 21 heures.<\/p>\n\n\n\n<p><strong><u>R\u00e9servations<\/u>&nbsp;:&nbsp;<\/strong><\/p>\n\n\n\n<p><img decoding=\"async\" alt=\"\u260e\ufe0f\" src=\"https:\/\/fonts.gstatic.com\/s\/e\/notoemoji\/16.0\/260e_fe0f\/72.png\">&nbsp;06.72.79.30.34&nbsp;<\/p>\n\n\n\n<p><img decoding=\"async\" alt=\"\ud83d\udce7\" src=\"https:\/\/fonts.gstatic.com\/s\/e\/notoemoji\/16.0\/1f4e7\/72.png\">&nbsp;<a href=\"mailto:grandcampmaisy.taxi@gmail.com\" target=\"_blank\" rel=\"noreferrer noopener\">grandcampmaisy.taxi@gmail.com<\/a><\/p>\n\n\n\n<p><img decoding=\"async\" alt=\"\ud83c\udf10\" src=\"https:\/\/fonts.gstatic.com\/s\/e\/notoemoji\/16.0\/1f310\/72.png\">&nbsp;<a href=\"http:\/\/www.grandcampmaisytaxi.com\/\" target=\"_blank\" rel=\"noreferrer noopener\">www.grandcampmaisytaxi.com<\/a><\/p>\n","protected":false},"excerpt":{"rendered":"<p>Fort de seize ann\u00e9es de conducteur de taxi, dont douze dans diff\u00e9rentes communes de la Manche (50) et quatre \u00e0 Grandcamp-Maisy dans le Calvados (14), Grandcamp-Maisy Taxi vous propose un service d\u2019un grand professionnalisme, enti\u00e8rement \u00e0 votre \u00e9coute. Gr\u00e2ce \u00e0 cette exp\u00e9rience, vous b\u00e9n\u00e9ficiez d\u2019un service de transport irr\u00e9prochable, avec une ponctualit\u00e9 parfaite. Avec le [&hellip;]<\/p>\n","protected":false},"author":1,"featured_media":130,"parent":0,"menu_order":0,"comment_status":"closed","ping_status":"closed","template":"","meta":{"footnotes":""},"class_list":["post-111","page","type-page","status-publish","has-post-thumbnail","hentry"],"_links":{"self":[{"href":"https:\/\/grandcampmaisytaxi.com\/site\/wp-json\/wp\/v2\/pages\/111","targetHints":{"allow":["GET"]}}],"collection":[{"href":"https:\/\/grandcampmaisytaxi.com\/site\/wp-json\/wp\/v2\/pages"}],"about":[{"href":"https:\/\/grandcampmaisytaxi.com\/site\/wp-json\/wp\/v2\/types\/page"}],"author":[{"embeddable":true,"href":"https:\/\/grandcampmaisytaxi.com\/site\/wp-json\/wp\/v2\/users\/1"}],"replies":[{"embeddable":true,"href":"https:\/\/grandcampmaisytaxi.com\/site\/wp-json\/wp\/v2\/comments?post=111"}],"version-history":[{"count":3,"href":"https:\/\/grandcampmaisytaxi.com\/site\/wp-json\/wp\/v2\/pages\/111\/revisions"}],"predecessor-version":[{"id":180,"href":"https:\/\/grandcampmaisytaxi.com\/site\/wp-json\/wp\/v2\/pages\/111\/revisions\/180"}],"wp:featuredmedia":[{"embeddable":true,"href":"https:\/\/grandcampmaisytaxi.com\/site\/wp-json\/wp\/v2\/media\/130"}],"wp:attachment":[{"href":"https:\/\/grandcampmaisytaxi.com\/site\/wp-json\/wp\/v2\/media?parent=111"}],"curies":[{"name":"wp","href":"https:\/\/api.w.org\/{rel}","templated":true}]}}